{"id":38,"date":"2022-10-18T03:33:11","date_gmt":"2022-10-18T01:33:11","guid":{"rendered":"https:\/\/cil-langon.net\/?page_id=38"},"modified":"2026-03-30T14:51:37","modified_gmt":"2026-03-30T12:51:37","slug":"lassociation","status":"publish","type":"page","link":"https:\/\/cil-langon.net\/index.php\/lassociation\/","title":{"rendered":"L&rsquo;association"},"content":{"rendered":"<style id=\"kb-advancedheading_2b412c-fa\">#kt-adv-heading_2b412c-fa, #kt-adv-heading_2b412c-fa .wp-block-kadence-advancedheading, .wp-block-kadence-advancedheading.kt-adv-heading_2b412c-fa[data-kb-block=\"kb-adv-heading_2b412c-fa\"], .kadence-advanced-heading-wrapper .kt-adv-heading_2b412c-fa[data-kb-block=\"kb-adv-heading_2b412c-fa\"]{text-align:center;font-size:40px;color:#a691fb;padding-top:40px;}<\/style>\n<h2 class=\"kt-adv-heading_2b412c-fa wp-block-kadence-advancedheading\" data-kb-block=\"kb-adv-heading_2b412c-fa\">L&rsquo;association<\/h2>\n\n\n<style id=\"kb-advancedheading_3fc77c-91\">#kt-adv-heading_3fc77c-91, #kt-adv-heading_3fc77c-91 .wp-block-kadence-advancedheading, .wp-block-kadence-advancedheading.kt-adv-heading_3fc77c-91[data-kb-block=\"kb-adv-heading_3fc77c-91\"], .kadence-advanced-heading-wrapper .kt-adv-heading_3fc77c-91[data-kb-block=\"kb-adv-heading_3fc77c-91\"]{text-align:center;font-size:35px;padding-top:80px;padding-bottom:30px;}@media all and (max-width: 767px){#kt-adv-heading_3fc77c-91, #kt-adv-heading_3fc77c-91 .wp-block-kadence-advancedheading, .wp-block-kadence-advancedheading.kt-adv-heading_3fc77c-91[data-kb-block=\"kb-adv-heading_3fc77c-91\"], .kadence-advanced-heading-wrapper .kt-adv-heading_3fc77c-91[data-kb-block=\"kb-adv-heading_3fc77c-91\"]{font-size:14px;}}<\/style>\n<h2 class=\"kt-adv-heading_3fc77c-91 wp-block-kadence-advancedheading\" data-kb-block=\"kb-adv-heading_3fc77c-91\"><strong>Le&nbsp;Club Informatique du Langonnais (CIL),&nbsp;autrefois appel\u00e9 Microtel Multim\u00e9dia Langon, a f\u00eat\u00e9 ses 35 ans d&rsquo;existence et va vers ses 40!<\/strong><\/h2>\n\n\n\n<hr class=\"wp-block-separator has-alpha-channel-opacity\"\/>\n\n\n\n<h2 class=\"kt-adv-heading_80481e-b3 wp-block-kadence-advancedheading\" data-kb-block=\"kb-adv-heading_80481e-b3\"><strong>A l&rsquo;origine cr\u00e9e par un groupe de passionn\u00e9s de micro-ordinateurs, minitels et bidouilles informatiques, il s&rsquo;est peu \u00e0 peu orient\u00e9 vers l&rsquo;initiation et la d\u00e9couverte de l&rsquo;informatique afin de faire d\u00e9couvrir l&rsquo;informatique au plus grand nombre.<\/strong><\/h2>\n\n\n\n<hr class=\"wp-block-separator has-alpha-channel-opacity\"\/>\n\n\n\n<h2 class=\"kt-adv-heading_d05037-7c wp-block-kadence-advancedheading\" data-kb-block=\"kb-adv-heading_d05037-7c\"><strong>Ainsi notre club propose aux personnes (de tout \u00e2ge) d\u00e9butantes, ou confirm\u00e9es, une\u00a0<strong>initiation<\/strong>\u00a0\u00e0 l&rsquo;<strong>informatique<\/strong>\u00a0et aux\u00a0multim\u00e9dia.<\/strong><\/h2>\n\n\n\n<hr class=\"wp-block-separator has-alpha-channel-opacity\"\/>\n\n\n\n<h2 class=\"kt-adv-heading_ec1ee8-8f wp-block-kadence-advancedheading\" data-kb-block=\"kb-adv-heading_ec1ee8-8f\"><strong>Le club met \u00e0 disposition de ses adh\u00e9rents son mat\u00e9riel et son savoir faire, sous la responsabilit\u00e9 de deux animateurs qui sont l\u00e0 pour vous apporter leur aide dans votre apprentissage, vos recherches et vos travaux.<\/strong><\/h2>\n\n\n\n<hr class=\"wp-block-separator has-alpha-channel-opacity\"\/>\n\n\n<style id=\"kb-advancedheading_aba62b-bb\">#kt-adv-heading_aba62b-bb, #kt-adv-heading_aba62b-bb .wp-block-kadence-advancedheading, .wp-block-kadence-advancedheading.kt-adv-heading_aba62b-bb[data-kb-block=\"kb-adv-heading_aba62b-bb\"], .kadence-advanced-heading-wrapper .kt-adv-heading_aba62b-bb[data-kb-block=\"kb-adv-heading_aba62b-bb\"]{text-align:center;font-size:35px;padding-bottom:80px;}@media all and (max-width: 767px){#kt-adv-heading_aba62b-bb, #kt-adv-heading_aba62b-bb .wp-block-kadence-advancedheading, .wp-block-kadence-advancedheading.kt-adv-heading_aba62b-bb[data-kb-block=\"kb-adv-heading_aba62b-bb\"], .kadence-advanced-heading-wrapper .kt-adv-heading_aba62b-bb[data-kb-block=\"kb-adv-heading_aba62b-bb\"]{font-size:14px;}}<\/style>\n<h2 class=\"kt-adv-heading_aba62b-bb wp-block-kadence-advancedheading\" data-kb-block=\"kb-adv-heading_aba62b-bb\"><strong>Aujourd&rsquo;hui riche de plus de 100 adh\u00e9rents, il propose une atmosph\u00e8re conviviale et riche d&rsquo;\u00e9changes \u00e0 tous ses membres<\/strong>.<\/h2>\n","protected":false},"excerpt":{"rendered":"<p>L&rsquo;association Le&nbsp;Club Informatique du Langonnais (CIL),&nbsp;autrefois appel\u00e9 Microtel Multim\u00e9dia Langon, a f\u00eat\u00e9 ses 35 ans d&rsquo;existence et va vers ses 40! A l&rsquo;origine cr\u00e9e par un groupe de passionn\u00e9s de micro-ordinateurs, minitels et bidouilles informatiques, il s&rsquo;est peu \u00e0 peu orient\u00e9 vers l&rsquo;initiation et la d\u00e9couverte de l&rsquo;informatique afin de faire d\u00e9couvrir l&rsquo;informatique au plus&#8230;<\/p>\n","protected":false},"author":1,"featured_media":0,"parent":0,"menu_order":0,"comment_status":"closed","ping_status":"closed","template":"","meta":{"_kad_post_transparent":"","_kad_post_title":"hide","_kad_post_layout":"","_kad_post_sidebar_id":"","_kad_post_content_style":"","_kad_post_vertical_padding":"","_kad_post_feature":"","_kad_post_feature_position":"","_kad_post_header":false,"_kad_post_footer":false,"footnotes":""},"class_list":["post-38","page","type-page","status-publish","hentry"],"_links":{"self":[{"href":"https:\/\/cil-langon.net\/index.php\/wp-json\/wp\/v2\/pages\/38","targetHints":{"allow":["GET"]}}],"collection":[{"href":"https:\/\/cil-langon.net\/index.php\/wp-json\/wp\/v2\/pages"}],"about":[{"href":"https:\/\/cil-langon.net\/index.php\/wp-json\/wp\/v2\/types\/page"}],"author":[{"embeddable":true,"href":"https:\/\/cil-langon.net\/index.php\/wp-json\/wp\/v2\/users\/1"}],"replies":[{"embeddable":true,"href":"https:\/\/cil-langon.net\/index.php\/wp-json\/wp\/v2\/comments?post=38"}],"version-history":[{"count":11,"href":"https:\/\/cil-langon.net\/index.php\/wp-json\/wp\/v2\/pages\/38\/revisions"}],"predecessor-version":[{"id":568,"href":"https:\/\/cil-langon.net\/index.php\/wp-json\/wp\/v2\/pages\/38\/revisions\/568"}],"wp:attachment":[{"href":"https:\/\/cil-langon.net\/index.php\/wp-json\/wp\/v2\/media?parent=38"}],"curies":[{"name":"wp","href":"https:\/\/api.w.org\/{rel}","templated":true}]}}