{"id":116,"date":"2022-10-23T18:29:48","date_gmt":"2022-10-23T16:29:48","guid":{"rendered":"https:\/\/cil-langon.net\/?page_id=116"},"modified":"2024-12-09T20:10:33","modified_gmt":"2024-12-09T19:10:33","slug":"activite","status":"publish","type":"page","link":"https:\/\/cil-langon.net\/index.php\/activite\/","title":{"rendered":"Activit\u00e9"},"content":{"rendered":"<style id=\"kb-advancedheading_3be678-0a\">#kt-adv-heading_3be678-0a, #kt-adv-heading_3be678-0a .wp-block-kadence-advancedheading, .wp-block-kadence-advancedheading.kt-adv-heading_3be678-0a[data-kb-block=\"kb-adv-heading_3be678-0a\"], .kadence-advanced-heading-wrapper .kt-adv-heading_3be678-0a[data-kb-block=\"kb-adv-heading_3be678-0a\"]{text-align:center;font-size:40px;color:#a691fb;padding-top:44px;padding-bottom:50px;}<\/style>\n<h2 class=\"kt-adv-heading_3be678-0a wp-block-kadence-advancedheading\" data-kb-block=\"kb-adv-heading_3be678-0a\">Activit\u00e9<\/h2>\n\n\n<style id=\"kb-advancedheading_4b00c0-a9\">#kt-adv-heading_4b00c0-a9, #kt-adv-heading_4b00c0-a9 .wp-block-kadence-advancedheading, .wp-block-kadence-advancedheading.kt-adv-heading_4b00c0-a9[data-kb-block=\"kb-adv-heading_4b00c0-a9\"], .kadence-advanced-heading-wrapper .kt-adv-heading_4b00c0-a9[data-kb-block=\"kb-adv-heading_4b00c0-a9\"]{text-align:center;font-size:60px;color:#000000;padding-bottom:30px;}@media all and (max-width: 767px){#kt-adv-heading_4b00c0-a9, #kt-adv-heading_4b00c0-a9 .wp-block-kadence-advancedheading, .wp-block-kadence-advancedheading.kt-adv-heading_4b00c0-a9[data-kb-block=\"kb-adv-heading_4b00c0-a9\"], .kadence-advanced-heading-wrapper .kt-adv-heading_4b00c0-a9[data-kb-block=\"kb-adv-heading_4b00c0-a9\"]{font-size:27px;}}<\/style>\n<h2 class=\"kt-adv-heading_4b00c0-a9 wp-block-kadence-advancedheading\" data-kb-block=\"kb-adv-heading_4b00c0-a9\">Les activit\u00e9 du club :<\/h2>\n\n\n\n<ul class=\"has-black-color has-text-color has-small-font-size wp-block-list\"><li>D\u00e9couverte de l\u2019informatique,<\/li><li>Initiation \u00e0 la bureautique et \u00e0 internet,<\/li><li>Initiation aux nouvelles technologies de l\u2019informatique et du multim\u00e9dia: t\u00e9l\u00e9phone mobile, tablette, chrome cast, objets connect\u00e9s (montres, cam\u00e9ras, assistant vocal (Alexa d&rsquo;Amazon, Cortana de Windows, Siri d&rsquo;Apple, Ok google &#8230;.)<\/li><li>Ateliers photos\/vid\u00e9os\/musiques,<\/li><li>D\u00e9couverte et utilisation de logiciels divers (et plus particuli\u00e8rement les logiciels libres) voir&nbsp;la liste des logiciels,<\/li><li>Premiers pas vers le multim\u00e9dia ( Bienvenu \u00e0 tous les d\u00e9butants!!!) ,<\/li><li>Acc\u00e8s illimit\u00e9 \u00e0 Internet et \u00e0 la messagerie \u00e9lectronique,<\/li><li>Impression laser (payant \u00e0 la page imprim\u00e9e),<\/li><li>Coin caf\u00e9 et grignotage,<\/li><li>Apr\u00e8s midi conviviales autour de l&rsquo;informatique (go\u00fbters, cr\u00eapes)<\/li><\/ul>\n\n\n<style id=\"kb-advancedheading_e06148-a6\">#kt-adv-heading_e06148-a6, #kt-adv-heading_e06148-a6 .wp-block-kadence-advancedheading, .wp-block-kadence-advancedheading.kt-adv-heading_e06148-a6[data-kb-block=\"kb-adv-heading_e06148-a6\"], .kadence-advanced-heading-wrapper .kt-adv-heading_e06148-a6[data-kb-block=\"kb-adv-heading_e06148-a6\"]{text-align:center;font-size:23px;font-weight:400;font-family:Alata;color:#000000;}@media all and (max-width: 767px){#kt-adv-heading_e06148-a6, #kt-adv-heading_e06148-a6 .wp-block-kadence-advancedheading, .wp-block-kadence-advancedheading.kt-adv-heading_e06148-a6[data-kb-block=\"kb-adv-heading_e06148-a6\"], .kadence-advanced-heading-wrapper .kt-adv-heading_e06148-a6[data-kb-block=\"kb-adv-heading_e06148-a6\"]{font-size:15px;}}<\/style>\n<h2 class=\"kt-adv-heading_e06148-a6 wp-block-kadence-advancedheading\" data-kb-block=\"kb-adv-heading_e06148-a6\">Le club organise \u00e9galement des ateliers \u00e0 th\u00e8me qui r\u00e9pondent aux nombreux souhaits des adh\u00e9rents (montage vid\u00e9o, retouche photos, cr\u00e9ation de diaporama et de faire-part, gravure de CD ou DVD, les r\u00e9seaux sociaux, etc).<\/h2>\n\n\n<style id=\"kb-advancedheading_778466-bf\">#kt-adv-heading_778466-bf, #kt-adv-heading_778466-bf .wp-block-kadence-advancedheading, .wp-block-kadence-advancedheading.kt-adv-heading_778466-bf[data-kb-block=\"kb-adv-heading_778466-bf\"], .kadence-advanced-heading-wrapper .kt-adv-heading_778466-bf[data-kb-block=\"kb-adv-heading_778466-bf\"]{text-align:center;font-size:40px;color:#000000;padding-top:50px;padding-bottom:50px;}@media all and (max-width: 767px){#kt-adv-heading_778466-bf, #kt-adv-heading_778466-bf .wp-block-kadence-advancedheading, .wp-block-kadence-advancedheading.kt-adv-heading_778466-bf[data-kb-block=\"kb-adv-heading_778466-bf\"], .kadence-advanced-heading-wrapper .kt-adv-heading_778466-bf[data-kb-block=\"kb-adv-heading_778466-bf\"]{font-size:25px;}}<\/style>\n<h2 class=\"kt-adv-heading_778466-bf wp-block-kadence-advancedheading\" data-kb-block=\"kb-adv-heading_778466-bf\"><strong>L&rsquo;organisation d&rsquo;une journ\u00e9e est la suivante :<\/strong><\/h2>\n\n\n\n<ul class=\"has-black-color has-text-color has-small-font-size wp-block-list\"><li>le matin a lieu les sessions d&rsquo;initiation o\u00f9 vous pouvez vous familiariser avec les techniques de base de manipulation de l&rsquo;ordinateur, des logiciels sous l&rsquo;\u0153il de nos animateurs.<\/li><li>les apr\u00e8s-midi du mardi et du jeudi sont r\u00e9serv\u00e9s \u00e0 des ateliers pratiques sur des th\u00e8mes vari\u00e9s pour tous les niveaux de maitrise.<\/li><\/ul>\n\n\n<style id=\"kb-advancedheading_a34075-6e\">#kt-adv-heading_a34075-6e, #kt-adv-heading_a34075-6e .wp-block-kadence-advancedheading, .wp-block-kadence-advancedheading.kt-adv-heading_a34075-6e[data-kb-block=\"kb-adv-heading_a34075-6e\"], .kadence-advanced-heading-wrapper .kt-adv-heading_a34075-6e[data-kb-block=\"kb-adv-heading_a34075-6e\"]{text-align:center;font-weight:400;font-family:Alata;color:#000000;padding-top:30px;padding-bottom:80px;}.kt-adv-heading_a34075-6e[data-kb-block=\"kb-adv-heading_a34075-6e\"] a, .kt-adv-heading-link_a34075-6e, .kt-adv-heading-link_a34075-6e .kt-adv-heading_a34075-6e[data-kb-block=\"kb-adv-heading_a34075-6e\"]{color:#ffe109;}.kt-adv-heading_a34075-6e[data-kb-block=\"kb-adv-heading_a34075-6e\"] a:hover, .kt-adv-heading-link_a34075-6e:hover, .kt-adv-heading-link_a34075-6e:hover .kt-adv-heading_a34075-6e[data-kb-block=\"kb-adv-heading_a34075-6e\"]{color:#f4c120;}@media all and (max-width: 767px){#kt-adv-heading_a34075-6e, #kt-adv-heading_a34075-6e .wp-block-kadence-advancedheading, .wp-block-kadence-advancedheading.kt-adv-heading_a34075-6e[data-kb-block=\"kb-adv-heading_a34075-6e\"], .kadence-advanced-heading-wrapper .kt-adv-heading_a34075-6e[data-kb-block=\"kb-adv-heading_a34075-6e\"]{font-size:19px;}}<\/style>\n<h2 class=\"kt-adv-heading_a34075-6e wp-block-kadence-advancedheading\" data-kb-block=\"kb-adv-heading_a34075-6e\"><strong>Consultez la liste des activit\u00e9s propos\u00e9es ici :\u00a0<\/strong><a href=\"https:\/\/cil-langon.net\/index.php\/planning-des-ateliers\/\" data-type=\"URL\" data-id=\"https:\/\/cil-langon.net\/index.php\/planning-des-ateliers\/\">Ateliers du mois<\/a><strong>\u00a0\u00a0et\u00a0les horaires ici:\u00a0<\/strong><a href=\"https:\/\/cil-langon.net\/index.php\/horaires\/\" data-type=\"URL\" data-id=\"https:\/\/cil-langon.net\/index.php\/horaires\/\">Horaires<\/a><strong>.<\/strong><\/h2>\n","protected":false},"excerpt":{"rendered":"<p>Activit\u00e9 Les activit\u00e9 du club : D\u00e9couverte de l\u2019informatique, Initiation \u00e0 la bureautique et \u00e0 internet, Initiation aux nouvelles technologies de l\u2019informatique et du multim\u00e9dia: t\u00e9l\u00e9phone mobile, tablette, chrome cast, objets connect\u00e9s (montres, cam\u00e9ras, assistant vocal (Alexa d&rsquo;Amazon, Cortana de Windows, Siri d&rsquo;Apple, Ok google &#8230;.) Ateliers photos\/vid\u00e9os\/musiques, D\u00e9couverte et utilisation de logiciels divers (et&#8230;<\/p>\n","protected":false},"author":1,"featured_media":0,"parent":0,"menu_order":0,"comment_status":"closed","ping_status":"closed","template":"","meta":{"_kad_post_transparent":"","_kad_post_title":"hide","_kad_post_layout":"","_kad_post_sidebar_id":"","_kad_post_content_style":"","_kad_post_vertical_padding":"","_kad_post_feature":"","_kad_post_feature_position":"","_kad_post_header":false,"_kad_post_footer":false,"footnotes":""},"class_list":["post-116","page","type-page","status-publish","hentry"],"_links":{"self":[{"href":"https:\/\/cil-langon.net\/index.php\/wp-json\/wp\/v2\/pages\/116","targetHints":{"allow":["GET"]}}],"collection":[{"href":"https:\/\/cil-langon.net\/index.php\/wp-json\/wp\/v2\/pages"}],"about":[{"href":"https:\/\/cil-langon.net\/index.php\/wp-json\/wp\/v2\/types\/page"}],"author":[{"embeddable":true,"href":"https:\/\/cil-langon.net\/index.php\/wp-json\/wp\/v2\/users\/1"}],"replies":[{"embeddable":true,"href":"https:\/\/cil-langon.net\/index.php\/wp-json\/wp\/v2\/comments?post=116"}],"version-history":[{"count":16,"href":"https:\/\/cil-langon.net\/index.php\/wp-json\/wp\/v2\/pages\/116\/revisions"}],"predecessor-version":[{"id":401,"href":"https:\/\/cil-langon.net\/index.php\/wp-json\/wp\/v2\/pages\/116\/revisions\/401"}],"wp:attachment":[{"href":"https:\/\/cil-langon.net\/index.php\/wp-json\/wp\/v2\/media?parent=116"}],"curies":[{"name":"wp","href":"https:\/\/api.w.org\/{rel}","templated":true}]}}